{"id":5321,"date":"2014-12-10T19:21:19","date_gmt":"2014-12-10T19:21:19","guid":{"rendered":"https:\/\/www.piscinascreipol.com\/qui-som\/"},"modified":"2024-09-30T08:33:23","modified_gmt":"2024-09-30T08:33:23","slug":"empresa","status":"publish","type":"page","link":"https:\/\/www.piscinascreipol.com\/es\/empresa\/","title":{"rendered":"Empresa"},"content":{"rendered":"<div class=\"row row-collapse row-full-width\"  id=\"row-1539823194\">\n\n\t<div id=\"col-1756690839\" class=\"col medium-6 large-6\"  >\n\t\t\t\t<div class=\"col-inner\"  >\n\t\t\t\n\t\t\t\n<h2><a href=\"https:\/\/web.archive.org\/web\/20190520180757\/http:\/\/www.piscinascreipol.com\/wp-content\/uploads\/2014\/12\/LogoPiscinasCreipol.png\"><img loading=\"lazy\" decoding=\"async\" class=\"size-full wp-image-1188 aligncenter\" src=\"https:\/\/web.archive.org\/web\/20190520180757im_\/http:\/\/www.piscinascreipol.com\/wp-content\/uploads\/2014\/12\/300x84xLogoPiscinasCreipol.png.pagespeed.ic.Bm6-6yxNRu.png\" alt=\"LogoPiscinasCreipol\" width=\"300\" height=\"84\" \/><\/a><\/h2>\n<div class=\"clear-line\"><\/div>\n<h2>M\u00e1s de 20 a\u00f1os de experiencia<\/h2>\n<p>M\u00e1s de 20 a\u00f1os de experiencia dedicados a la venta y construcci\u00f3n de piscinas de poli\u00e9ster de la marca Europa Piscinas avalan nuestra profesionalidad.<\/p>\n\t\t<\/div>\n\t\t\t\t\n<style>\n#col-1756690839 > .col-inner {\n  padding: 0px 15px 0px 0px;\n}\n<\/style>\n\t<\/div>\n\n\t\n\n\t<div id=\"col-334954965\" class=\"col medium-6 large-6\"  >\n\t\t\t\t<div class=\"col-inner\"  >\n\t\t\t\n\t\t\t\n\t<div class=\"img has-hover x md-x lg-x y md-y lg-y\" id=\"image_1472469107\">\n\t\t\t\t\t\t\t\t<div class=\"img-inner dark\" >\n\t\t\t<img loading=\"lazy\" decoding=\"async\" width=\"500\" height=\"300\" src=\"https:\/\/www.piscinascreipol.com\/wp-content\/uploads\/2014\/12\/PiscinesCreipol-exposicio.jpg\" class=\"attachment-large size-large\" alt=\"\" srcset=\"https:\/\/www.piscinascreipol.com\/wp-content\/uploads\/2014\/12\/PiscinesCreipol-exposicio.jpg 500w, https:\/\/www.piscinascreipol.com\/wp-content\/uploads\/2014\/12\/PiscinesCreipol-exposicio-300x180.jpg 300w\" sizes=\"auto, (max-width: 500px) 100vw, 500px\" \/>\t\t\t\t\t\t\n\t\t\t\t\t<\/div>\n\t\t\t\t\t\t\t\t\n<style>\n#image_1472469107 {\n  width: 100%;\n}\n<\/style>\n\t<\/div>\n\t\n\t\t<\/div>\n\t\t\t\t\t<\/div>\n\n\t\n<\/div>\n\t<div id=\"gap-434487436\" class=\"gap-element clearfix\" style=\"display:block; height:auto;\">\n\t\t\n<style>\n#gap-434487436 {\n  padding-top: 60px;\n}\n<\/style>\n\t<\/div>\n\t\n\n\t<section class=\"section has-mask mask-angled-right\" id=\"section_367381320\">\n\t\t<div class=\"section-bg fill\" >\n\t\t\t\t\t\t\t\t\t\n\t\t\t\n\n\t\t<\/div>\n\n\t\t\n\n\t\t<div class=\"section-content relative\">\n\t\t\t\n\t<div id=\"gap-1301058997\" class=\"gap-element clearfix\" style=\"display:block; height:auto;\">\n\t\t\n<style>\n#gap-1301058997 {\n  padding-top: 10px;\n}\n<\/style>\n\t<\/div>\n\t\n<h1 style=\"text-align: center;\"><span style=\"color: #ffffff;\"><a style=\"color: #ffffff;\" title=\"Contacte btn\" href=\"mailto:info@piscinascreipol.com\">CONS\u00daLTANOS SIN COMPROMISO!<\/a><\/span><\/h1>\n\t\t<\/div>\n\n\t\t\n<style>\n#section_367381320 {\n  padding-top: 30px;\n  padding-bottom: 30px;\n  background-color: rgb(14, 113, 180);\n}\n<\/style>\n\t<\/section>\n\t\n<div class=\"row\"  id=\"row-712991813\">\n\n\t<div id=\"col-1627266355\" class=\"col medium-4 small-12 large-4\"  >\n\t\t\t\t<div class=\"col-inner\"  >\n\t\t\t\n\t\t\t\n<h1>Venta piscina<br \/>\nsistema kid<\/h1>\n<p>Nosotros hacemos el marcado de excavaci\u00f3n, suministramos el casco de la piscina prefabricada de poli\u00e9ster con los componentes de la filtraci\u00f3n, realizamos la descarga del casco en casa del cliente, supervisamos la ubicaci\u00f3n y el nivel del casco. A partir de ese momento el cliente se encargar\u00e1 de la obra y la fontaner\u00eda. Este sistema abarata mucho el coste de la piscina por el alto grado de implicaci\u00f3n por parte del cliente.<\/p>\n\t\t<\/div>\n\t\t\t\t\t<\/div>\n\n\t\n\n\t<div id=\"col-2133173908\" class=\"col medium-4 small-12 large-4\"  >\n\t\t\t\t<div class=\"col-inner\"  >\n\t\t\t\n\t\t\t\n<h1>Venta piscina<br \/>\nsistema semi-kid<\/h1>\n<p>En el que una vez entregado el casco de poli\u00e9ster, el cliente decide qu\u00e9 parte hace lo mismo y que parte contrata con nosotros.<\/p>\n\t\t<\/div>\n\t\t\t\t\t<\/div>\n\n\t\n\n\t<div id=\"col-1019005491\" class=\"col medium-4 small-12 large-4\"  >\n\t\t\t\t<div class=\"col-inner\"  >\n\t\t\t\n\t\t\t\n<h1>Entrega de piscina<br \/>\nllaves en mano<\/h1>\n<p>Nosotros nos encargamos de todo, poniendo a su disposici\u00f3n una amplia gama de profesionales: tramitaci\u00f3n permiso de obra, excavaci\u00f3n y una vez realizada la piscina, todo tipo de acabados, jardiner\u00eda, carpinter\u00eda, alba\u00f1iler\u00eda, etc \u2026<\/p>\n\t\t<\/div>\n\t\t\t\t\t<\/div>\n\n\t\n<\/div>\n","protected":false},"excerpt":{"rendered":"","protected":false},"author":2,"featured_media":0,"parent":0,"menu_order":0,"comment_status":"closed","ping_status":"open","template":"","meta":{"footnotes":""},"class_list":["post-5321","page","type-page","status-publish","hentry"],"aioseo_notices":[],"_links":{"self":[{"href":"https:\/\/www.piscinascreipol.com\/es\/wp-json\/wp\/v2\/pages\/5321","targetHints":{"allow":["GET"]}}],"collection":[{"href":"https:\/\/www.piscinascreipol.com\/es\/wp-json\/wp\/v2\/pages"}],"about":[{"href":"https:\/\/www.piscinascreipol.com\/es\/wp-json\/wp\/v2\/types\/page"}],"author":[{"embeddable":true,"href":"https:\/\/www.piscinascreipol.com\/es\/wp-json\/wp\/v2\/users\/2"}],"replies":[{"embeddable":true,"href":"https:\/\/www.piscinascreipol.com\/es\/wp-json\/wp\/v2\/comments?post=5321"}],"version-history":[{"count":8,"href":"https:\/\/www.piscinascreipol.com\/es\/wp-json\/wp\/v2\/pages\/5321\/revisions"}],"predecessor-version":[{"id":5409,"href":"https:\/\/www.piscinascreipol.com\/es\/wp-json\/wp\/v2\/pages\/5321\/revisions\/5409"}],"wp:attachment":[{"href":"https:\/\/www.piscinascreipol.com\/es\/wp-json\/wp\/v2\/media?parent=5321"}],"curies":[{"name":"wp","href":"https:\/\/api.w.org\/{rel}","templated":true}]}}