{"id":5311,"date":"2014-12-10T19:18:35","date_gmt":"2014-12-10T19:18:35","guid":{"rendered":"https:\/\/www.piscinascreipol.com\/rehabilitacio-piscines\/"},"modified":"2021-01-21T17:15:11","modified_gmt":"2021-01-21T17:15:11","slug":"rehabilitacio-piscines","status":"publish","type":"page","link":"https:\/\/www.piscinascreipol.com\/es\/rehabilitacio-piscines\/","title":{"rendered":"Rehabilitaci\u00f3 piscines"},"content":{"rendered":"<div class=\"row row-collapse row-full-width\"  id=\"row-975069517\">\n\n\t<div id=\"col-14261349\" class=\"col medium-6 large-6\"  >\n\t\t\t\t<div class=\"col-inner\"  >\n\t\t\t\n\t\t\t\n<h1>Rehabilitaci\u00f3n y reparaci\u00f3n de todo tipo de piscinas.<\/h1>\n<p>Piscinas Creipol tambi\u00e9n somos especialistas en la reparaci\u00f3n y rehabilitaci\u00f3n de todo tipo de piscinas, tanto de poli\u00e9ster, obra o liner.<\/p>\n<p>Podemos resolver todo tipo de problemas en su piscina, fugas en los tubos de su piscina, fugas en el vaso de la piscina, problemas en los elementos del sistema de filtraci\u00f3n de su piscina. As\u00ed como trabajos de alba\u00f1iler\u00eda para sustituir el coronamiento de la piscina.<br \/>\n\t\t<\/div>\n\t\t\t\t\n<style>\n#col-14261349 > .col-inner {\n  padding: 0px 20px 0px 0px;\n}\n<\/style>\n\t<\/div>\n\n\t\n\n\t<div id=\"col-1189199548\" class=\"col medium-6 large-6\"  >\n\t\t\t\t<div class=\"col-inner\"  >\n\t\t\t\n\t\t\t\n\t<div class=\"img has-hover x md-x lg-x y md-y lg-y\" id=\"image_33111244\">\n\t\t\t\t\t\t\t\t<div class=\"img-inner image-cover dark\" style=\"padding-top:56.25%;\">\n\t\t\t<img loading=\"lazy\" decoding=\"async\" width=\"900\" height=\"549\" src=\"https:\/\/www.piscinascreipol.com\/wp-content\/uploads\/2015\/01\/Rehabilitacio-piscina-fibra.jpg\" class=\"attachment-large size-large\" alt=\"\" srcset=\"https:\/\/www.piscinascreipol.com\/wp-content\/uploads\/2015\/01\/Rehabilitacio-piscina-fibra.jpg 950w, https:\/\/www.piscinascreipol.com\/wp-content\/uploads\/2015\/01\/Rehabilitacio-piscina-fibra-300x182.jpg 300w\" sizes=\"auto, (max-width: 900px) 100vw, 900px\" \/>\t\t\t\t\t\t\n\t\t\t\t\t<\/div>\n\t\t\t\t\t\t\t\t\n<style>\n#image_33111244 {\n  width: 100%;\n}\n<\/style>\n\t<\/div>\n\t\n\t\t<\/div>\n\t\t\t\t\t<\/div>\n\n\t\n<\/div>\n<div class=\"row row-collapse row-full-width\"  id=\"row-561645856\">\n\n\t<div id=\"col-177957305\" class=\"col medium-6 large-6\"  >\n\t\t\t\t<div class=\"col-inner\"  >\n\t\t\t\n\t\t\t\n\t<div class=\"img has-hover x md-x lg-x y md-y lg-y\" id=\"image_2044784456\">\n\t\t\t\t\t\t\t\t<div class=\"img-inner image-cover dark\" style=\"padding-top:75%;\">\n\t\t\t<img loading=\"lazy\" decoding=\"async\" width=\"900\" height=\"506\" src=\"https:\/\/www.piscinascreipol.com\/wp-content\/uploads\/Reparacio\u0301-piscina-amb-Liner-900x506.jpg\" class=\"attachment-large size-large\" alt=\"\" srcset=\"https:\/\/www.piscinascreipol.com\/wp-content\/uploads\/Reparacio\u0301-piscina-amb-Liner-900x506.jpg 900w, https:\/\/www.piscinascreipol.com\/wp-content\/uploads\/Reparacio\u0301-piscina-amb-Liner-300x169.jpg 300w, https:\/\/www.piscinascreipol.com\/wp-content\/uploads\/Reparacio\u0301-piscina-amb-Liner.jpg 950w\" sizes=\"auto, (max-width: 900px) 100vw, 900px\" \/>\t\t\t\t\t\t\n\t\t\t\t\t<\/div>\n\t\t\t\t\t\t\t\t\n<style>\n#image_2044784456 {\n  width: 100%;\n}\n<\/style>\n\t<\/div>\n\t\n\t\t<\/div>\n\t\t\t\t\t<\/div>\n\n\t\n\n\t<div id=\"col-464677703\" class=\"col medium-6 large-6\"  >\n\t\t\t\t<div class=\"col-inner\"  >\n\t\t\t\n\t\t\t\n<h2><a href=\"https:\/\/www.piscinascreipol.com\/es\/que-es-el-liner-2\/\">Rehabilitaci\u00f3n y reparaci\u00f3n con LINER<\/a><\/h2>\n<p>Podemos solucionar fugas en el vaso de su piscina de obra. Utilizamos l\u00e1mina armada de PVC, termosellado, que nos garantiza la nueva estanqueidad de su vaso. La l\u00e1mina de <a href=\"https:\/\/www.piscinascreipol.com\/es\/que-es-el-liner-2\/\"> LINER <\/a>, nos ofrece una muy buena soluci\u00f3n a los problemas de estanqueidad as\u00ed como nos ofrece una buena soluci\u00f3n para dar un nuevo look a su piscina. Ya que podemos variar la profundidad, construir unas escaleras &#8230;<\/p>\n<p>Una vez tenemos la nueva forma de su piscina, la recubrimos con la l\u00e1mina de liner armado termosellada en obra. Tenemos una amplia gama de colores y estampados en <a href=\"https:\/\/www.piscinascreipol.com\/es\/que-es-el-liner-2\/\">LINER<\/a>. De las mejores marcas del mercado. La l\u00e1mina de LINER tambi\u00e9n puede ser utilizada para la rehabilitaci\u00f3n de su piscina de poli\u00e9ster.<\/p>\n\t\t<\/div>\n\t\t\t\t\n<style>\n#col-464677703 > .col-inner {\n  padding: 30px 0px 0px 30px;\n}\n<\/style>\n\t<\/div>\n\n\t\n<\/div>\n<div class=\"row row-collapse row-full-width\"  id=\"row-1381092250\">\n\n\t<div id=\"col-1458078869\" class=\"col medium-6 large-6\"  >\n\t\t\t\t<div class=\"col-inner\"  >\n\t\t\t\n\t\t\t\n<h1>Rehabilitaci\u00f3n y reparaci\u00f3n de piscina de poli\u00e8ster.<\/h1>\n<p>omo especialistas en la instalaci\u00f3n de piscinas de poli\u00e9ster tambi\u00e9n lo somos en su reparaci\u00f3n y rehabilitaci\u00f3n. Desde dar una nueva capa de pintura , reparar grietas y rotos dando nuevas capas de fibra y resina. Tambi\u00e9n damos una nueva imagen a su piscina , tras el paso de los a\u00f1os las piscinas de poli\u00e9ster pierden el color, tanto por efecto del sol como de los productos qu\u00edmicos que utilizamos . Podemos recubrir su piscina de poli\u00e9ster con gresite , utilizando materiales de las mejores marcas para garantizar la perfecta adherencia sobre la superficie de poli\u00e9ster.<\/p>\n\t\t<\/div>\n\t\t\t\t\n<style>\n#col-1458078869 > .col-inner {\n  padding: 30px 20px 0px 0px;\n}\n<\/style>\n\t<\/div>\n\n\t\n\n\t<div id=\"col-764623979\" class=\"col medium-6 large-6\"  >\n\t\t\t\t<div class=\"col-inner\"  >\n\t\t\t\n\t\t\t\n\t<div class=\"img has-hover x md-x lg-x y md-y lg-y\" id=\"image_100578875\">\n\t\t\t\t\t\t\t\t<div class=\"img-inner image-cover dark\" style=\"padding-top:75%;\">\n\t\t\t<img loading=\"lazy\" decoding=\"async\" width=\"900\" height=\"474\" src=\"https:\/\/www.piscinascreipol.com\/wp-content\/uploads\/2015\/01\/Creipol-Rehabilitacio-piscines-1.jpg\" class=\"attachment-large size-large\" alt=\"\" srcset=\"https:\/\/www.piscinascreipol.com\/wp-content\/uploads\/2015\/01\/Creipol-Rehabilitacio-piscines-1.jpg 950w, https:\/\/www.piscinascreipol.com\/wp-content\/uploads\/2015\/01\/Creipol-Rehabilitacio-piscines-1-300x157.jpg 300w\" sizes=\"auto, (max-width: 900px) 100vw, 900px\" \/>\t\t\t\t\t\t\n\t\t\t\t\t<\/div>\n\t\t\t\t\t\t\t\t\n<style>\n#image_100578875 {\n  width: 100%;\n}\n<\/style>\n\t<\/div>\n\t\n\t\t<\/div>\n\t\t\t\t\t<\/div>\n\n\t\n<\/div>\n<div class=\"row row-collapse row-full-width\"  id=\"row-1258404240\">\n\n\t<div id=\"col-726318311\" class=\"col medium-6 large-6\"  >\n\t\t\t\t<div class=\"col-inner\"  >\n\t\t\t\n\t\t\t\n\t<div class=\"img has-hover x md-x lg-x y md-y lg-y\" id=\"image_1823896175\">\n\t\t\t\t\t\t\t\t<div class=\"img-inner image-cover dark\" style=\"padding-top:75%;\">\n\t\t\t<img loading=\"lazy\" decoding=\"async\" width=\"900\" height=\"474\" src=\"https:\/\/www.piscinascreipol.com\/wp-content\/uploads\/2015\/01\/Creipol-Rehabilitacio-piscines-12.jpg\" class=\"attachment-large size-large\" alt=\"\" srcset=\"https:\/\/www.piscinascreipol.com\/wp-content\/uploads\/2015\/01\/Creipol-Rehabilitacio-piscines-12.jpg 950w, https:\/\/www.piscinascreipol.com\/wp-content\/uploads\/2015\/01\/Creipol-Rehabilitacio-piscines-12-300x157.jpg 300w\" sizes=\"auto, (max-width: 900px) 100vw, 900px\" \/>\t\t\t\t\t\t\n\t\t\t\t\t<\/div>\n\t\t\t\t\t\t\t\t\n<style>\n#image_1823896175 {\n  width: 100%;\n}\n<\/style>\n\t<\/div>\n\t\n\t\t<\/div>\n\t\t\t\t\t<\/div>\n\n\t\n\n\t<div id=\"col-1148396630\" class=\"col medium-6 large-6\"  >\n\t\t\t\t<div class=\"col-inner\"  >\n\t\t\t\n\t\t\t\n<h1>Reparaci\u00f3n de los elementos de la filtraci\u00f3n.<\/h1>\n<p>Reparamos todos los elementos de la filtraci\u00f3n de su piscina, materiales de PVC, filtro, bomba, v\u00e1lvula selectora, cuadro el\u00e9ctrico, luces, etc. y tambi\u00e9n sustituimos la vieja arena de silex de su filtro por cristal filtrante.<\/p>\n\t\t<\/div>\n\t\t\t\t\n<style>\n#col-1148396630 > .col-inner {\n  padding: 30px 0px 0px 30px;\n}\n<\/style>\n\t<\/div>\n\n\t\n<\/div>\n","protected":false},"excerpt":{"rendered":"","protected":false},"author":2,"featured_media":0,"parent":0,"menu_order":0,"comment_status":"closed","ping_status":"open","template":"","meta":{"footnotes":""},"class_list":["post-5311","page","type-page","status-publish","hentry"],"aioseo_notices":[],"_links":{"self":[{"href":"https:\/\/www.piscinascreipol.com\/es\/wp-json\/wp\/v2\/pages\/5311","targetHints":{"allow":["GET"]}}],"collection":[{"href":"https:\/\/www.piscinascreipol.com\/es\/wp-json\/wp\/v2\/pages"}],"about":[{"href":"https:\/\/www.piscinascreipol.com\/es\/wp-json\/wp\/v2\/types\/page"}],"author":[{"embeddable":true,"href":"https:\/\/www.piscinascreipol.com\/es\/wp-json\/wp\/v2\/users\/2"}],"replies":[{"embeddable":true,"href":"https:\/\/www.piscinascreipol.com\/es\/wp-json\/wp\/v2\/comments?post=5311"}],"version-history":[{"count":8,"href":"https:\/\/www.piscinascreipol.com\/es\/wp-json\/wp\/v2\/pages\/5311\/revisions"}],"predecessor-version":[{"id":5319,"href":"https:\/\/www.piscinascreipol.com\/es\/wp-json\/wp\/v2\/pages\/5311\/revisions\/5319"}],"wp:attachment":[{"href":"https:\/\/www.piscinascreipol.com\/es\/wp-json\/wp\/v2\/media?parent=5311"}],"curies":[{"name":"wp","href":"https:\/\/api.w.org\/{rel}","templated":true}]}}