{"id":5060,"date":"2021-01-19T17:49:19","date_gmt":"2021-01-19T17:49:19","guid":{"rendered":"https:\/\/www.piscinascreipol.com\/?page_id=5060"},"modified":"2021-01-19T17:50:35","modified_gmt":"2021-01-19T17:50:35","slug":"piscines-de-obra","status":"publish","type":"page","link":"https:\/\/www.piscinascreipol.com\/es\/piscines-de-obra\/","title":{"rendered":"Piscines de obra"},"content":{"rendered":"<div class=\"row row-collapse row-full-width\"  id=\"row-842432449\">\n\n\t<div id=\"col-1274161043\" class=\"col medium-6 large-6\"  >\n\t\t\t\t<div class=\"col-inner\"  >\n\t\t\t\n\t\t\t\n<h1>Piscines de obra.<\/h1>\n<h3>Tambi\u00e9n podemos realizar su proyecto de piscina de obra.<\/h3>\n<h3>Por el sistema tradicional de hormig\u00f3n\u00a0gunitat.<\/h3>\n<h3>Nos encargamos de todo el proceso de construcci\u00f3n de su piscina de obra del primero al \u00faltimo paso de su instalaci\u00f3n.<\/h3>\n<h3><\/h3>\n\t\t<\/div>\n\t\t\t\t\n<style>\n#col-1274161043 > .col-inner {\n  padding: 0px 20px 0px 0px;\n}\n<\/style>\n\t<\/div>\n\n\t\n\n\t<div id=\"col-878681931\" class=\"col medium-6 large-6\"  >\n\t\t\t\t<div class=\"col-inner\"  >\n\t\t\t\n\t\t\t\n\t<div class=\"img has-hover x md-x lg-x y md-y lg-y\" id=\"image_1225829789\">\n\t\t\t\t\t\t\t\t<div class=\"img-inner image-cover dark\" style=\"padding-top:56.25%;\">\n\t\t\t<img loading=\"lazy\" decoding=\"async\" width=\"900\" height=\"596\" src=\"https:\/\/www.piscinascreipol.com\/wp-content\/uploads\/PIscina-d-obra-Badalona2-900x596.jpg\" class=\"attachment-large size-large\" alt=\"\" srcset=\"https:\/\/www.piscinascreipol.com\/wp-content\/uploads\/PIscina-d-obra-Badalona2-900x596.jpg 900w, https:\/\/www.piscinascreipol.com\/wp-content\/uploads\/PIscina-d-obra-Badalona2-300x199.jpg 300w, https:\/\/www.piscinascreipol.com\/wp-content\/uploads\/PIscina-d-obra-Badalona2.jpg 950w\" sizes=\"auto, (max-width: 900px) 100vw, 900px\" \/>\t\t\t\t\t\t\n\t\t\t\t\t<\/div>\n\t\t\t\t\t\t\t\t\n<style>\n#image_1225829789 {\n  width: 100%;\n}\n<\/style>\n\t<\/div>\n\t\n\t\t<\/div>\n\t\t\t\t\t<\/div>\n\n\t\n<\/div>\n<div class=\"row row-collapse row-full-width\"  id=\"row-1790290324\">\n\n\t<div id=\"col-561769782\" class=\"col medium-6 large-6\"  >\n\t\t\t\t<div class=\"col-inner\"  >\n\t\t\t\n\t\t\t\n\t<div class=\"img has-hover x md-x lg-x y md-y lg-y\" id=\"image_1792384228\">\n\t\t\t\t\t\t\t\t<div class=\"img-inner image-cover dark\" style=\"padding-top:56.25%;\">\n\t\t\t<img loading=\"lazy\" decoding=\"async\" width=\"900\" height=\"470\" src=\"https:\/\/www.piscinascreipol.com\/wp-content\/uploads\/Piscina-d-obra-Tiana-Barcelona-900x470.jpg\" class=\"attachment-large size-large\" alt=\"Piscina d&#039;obra Tiana Barcelona\" srcset=\"https:\/\/www.piscinascreipol.com\/wp-content\/uploads\/Piscina-d-obra-Tiana-Barcelona-900x470.jpg 900w, https:\/\/www.piscinascreipol.com\/wp-content\/uploads\/Piscina-d-obra-Tiana-Barcelona-300x156.jpg 300w, https:\/\/www.piscinascreipol.com\/wp-content\/uploads\/Piscina-d-obra-Tiana-Barcelona.jpg 950w\" sizes=\"auto, (max-width: 900px) 100vw, 900px\" \/>\t\t\t\t\t\t\n\t\t\t\t\t<\/div>\n\t\t\t\t\t\t\t\t\n<style>\n#image_1792384228 {\n  width: 100%;\n}\n<\/style>\n\t<\/div>\n\t\n\t\t<\/div>\n\t\t\t\t\t<\/div>\n\n\t\n\n\t<div id=\"col-822151741\" class=\"col medium-6 large-6\"  >\n\t\t\t\t<div class=\"col-inner\"  >\n\t\t\t\n\t\t\t\n<h3>La principal ventaja es la\u00a0<strong>personalizaci\u00f3n de las piscinas de obra<\/strong><\/h3>\n<h3>Formas infinitas, con la medida m\u00e1s adecuada para su gusto o necesidad.<\/h3>\n<h3>Una gran variedad al elegir los acabados y los accesorios que quiera.\u00a0Podemos integrar sistema de limpieza, iluminaci\u00f3n, ornamentos, etc.<\/h3>\n\t\t<\/div>\n\t\t\t\t\n<style>\n#col-822151741 > .col-inner {\n  padding: 30px 0px 0px 30px;\n}\n<\/style>\n\t<\/div>\n\n\t\n<\/div>\n","protected":false},"excerpt":{"rendered":"","protected":false},"author":2,"featured_media":0,"parent":0,"menu_order":0,"comment_status":"closed","ping_status":"open","template":"","meta":{"footnotes":""},"class_list":["post-5060","page","type-page","status-publish","hentry"],"aioseo_notices":[],"_links":{"self":[{"href":"https:\/\/www.piscinascreipol.com\/es\/wp-json\/wp\/v2\/pages\/5060","targetHints":{"allow":["GET"]}}],"collection":[{"href":"https:\/\/www.piscinascreipol.com\/es\/wp-json\/wp\/v2\/pages"}],"about":[{"href":"https:\/\/www.piscinascreipol.com\/es\/wp-json\/wp\/v2\/types\/page"}],"author":[{"embeddable":true,"href":"https:\/\/www.piscinascreipol.com\/es\/wp-json\/wp\/v2\/users\/2"}],"replies":[{"embeddable":true,"href":"https:\/\/www.piscinascreipol.com\/es\/wp-json\/wp\/v2\/comments?post=5060"}],"version-history":[{"count":4,"href":"https:\/\/www.piscinascreipol.com\/es\/wp-json\/wp\/v2\/pages\/5060\/revisions"}],"predecessor-version":[{"id":5064,"href":"https:\/\/www.piscinascreipol.com\/es\/wp-json\/wp\/v2\/pages\/5060\/revisions\/5064"}],"wp:attachment":[{"href":"https:\/\/www.piscinascreipol.com\/es\/wp-json\/wp\/v2\/media?parent=5060"}],"curies":[{"name":"wp","href":"https:\/\/api.w.org\/{rel}","templated":true}]}}