{"id":5016,"date":"2021-01-19T17:29:20","date_gmt":"2021-01-19T17:29:20","guid":{"rendered":"https:\/\/www.piscinascreipol.com\/?page_id=5016"},"modified":"2021-01-19T17:32:38","modified_gmt":"2021-01-19T17:32:38","slug":"installacio-piscina-prefabricada-de-fibra-poliester","status":"publish","type":"page","link":"https:\/\/www.piscinascreipol.com\/es\/installacio-piscina-prefabricada-de-fibra-poliester\/","title":{"rendered":"Instal\u00b7laci\u00f3 piscina prefabricada de fibra poliester"},"content":{"rendered":"<div class=\"row row-collapse row-full-width\"  id=\"row-1619798120\">\n\n\t<div id=\"col-1165370122\" class=\"col medium-6 small-12 large-6\"  >\n\t\t\t\t<div class=\"col-inner\"  >\n\t\t\t\n\t\t\t\n<h1><strong>Excavaci\u00f3n<\/strong><\/h1>\n<h3>El primer paso a realizar es marcar la excavaci\u00f3n en la ubicaci\u00f3n elegida para la piscina. Tanto del per\u00edmetro necesario como de las profundidades y pendientes.<br \/>\n<\/h3>\n<h1>Acondicionar solera<\/h1>\n<h3>Una vez finalizada la excavaci\u00f3n procedemos a igualar el terreno con las gravas y sacar los niveles de la pendiente, para la correcta colocaci\u00f3n de la piscina.<\/h3>\n\t\t<\/div>\n\t\t\t\t\n<style>\n#col-1165370122 > .col-inner {\n  padding: 10px 10px 0px 10px;\n}\n<\/style>\n\t<\/div>\n\n\t\n\n\t<div id=\"col-1406821300\" class=\"col medium-6 small-12 large-6\"  >\n\t\t\t\t<div class=\"col-inner\"  >\n\t\t\t\n\t\t\t\n\t<div class=\"img has-hover x md-x lg-x y md-y lg-y\" id=\"image_1754354320\">\n\t\t\t\t\t\t\t\t<div class=\"img-inner image-cover dark\" style=\"padding-top:56.25%;\">\n\t\t\t<img loading=\"lazy\" decoding=\"async\" width=\"350\" height=\"240\" src=\"https:\/\/www.piscinascreipol.com\/wp-content\/uploads\/2014\/12\/Piscina-poliester-solera.jpg\" class=\"attachment-large size-large\" alt=\"\" srcset=\"https:\/\/www.piscinascreipol.com\/wp-content\/uploads\/2014\/12\/Piscina-poliester-solera.jpg 350w, https:\/\/www.piscinascreipol.com\/wp-content\/uploads\/2014\/12\/Piscina-poliester-solera-300x205.jpg 300w\" sizes=\"auto, (max-width: 350px) 100vw, 350px\" \/>\t\t\t\t\t\t\n\t\t\t\t\t<\/div>\n\t\t\t\t\t\t\t\t\n<style>\n#image_1754354320 {\n  width: 100%;\n}\n<\/style>\n\t<\/div>\n\t\n\t\t<\/div>\n\t\t\t\t\n<style>\n#col-1406821300 > .col-inner {\n  padding: 10px 10px 0px 10px;\n}\n<\/style>\n\t<\/div>\n\n\t\n<\/div>\n<div class=\"row row-collapse row-full-width\"  id=\"row-634301272\">\n\n\t<div id=\"col-49989533\" class=\"col medium-6 small-12 large-6\"  >\n\t\t\t\t<div class=\"col-inner\"  >\n\t\t\t\n\t\t\t\n\t<div class=\"img has-hover x md-x lg-x y md-y lg-y\" id=\"image_692482172\">\n\t\t\t\t\t\t\t\t<div class=\"img-inner image-cover dark\" style=\"padding-top:56.25%;\">\n\t\t\t<img loading=\"lazy\" decoding=\"async\" width=\"350\" height=\"232\" src=\"https:\/\/www.piscinascreipol.com\/wp-content\/uploads\/2014\/12\/Descarga.jpg\" class=\"attachment-large size-large\" alt=\"\" srcset=\"https:\/\/www.piscinascreipol.com\/wp-content\/uploads\/2014\/12\/Descarga.jpg 350w, https:\/\/www.piscinascreipol.com\/wp-content\/uploads\/2014\/12\/Descarga-300x198.jpg 300w\" sizes=\"auto, (max-width: 350px) 100vw, 350px\" \/>\t\t\t\t\t\t\n\t\t\t\t\t<\/div>\n\t\t\t\t\t\t\t\t\n<style>\n#image_692482172 {\n  width: 100%;\n}\n<\/style>\n\t<\/div>\n\t\n\t\t<\/div>\n\t\t\t\t\n<style>\n#col-49989533 > .col-inner {\n  padding: 10px 10px 0px 10px;\n}\n<\/style>\n\t<\/div>\n\n\t\n\n\t<div id=\"col-1944629334\" class=\"col medium-6 small-12 large-6\"  >\n\t\t\t\t<div class=\"col-inner\"  >\n\t\t\t\n\t\t\t\n<h1>Descarga y colocaci\u00f3n piscina poliester y nivelado del casco.<\/h1>\n<h3>La descarga de la piscina de poliester se realizara con la gr\u00faa necesaria para la correcta colocaci\u00f3n.Una vez la colocaci\u00f3n sea la deseada, pasaremos a comprobar niveles.<\/h3>\n\t\t<\/div>\n\t\t\t\t\n<style>\n#col-1944629334 > .col-inner {\n  padding: 10px 10px 0px 10px;\n}\n<\/style>\n\t<\/div>\n\n\t\n<\/div>\n<div class=\"row row-collapse row-full-width\"  id=\"row-984761498\">\n\n\t<div id=\"col-949050036\" class=\"col medium-6 small-12 large-6\"  >\n\t\t\t\t<div class=\"col-inner\"  >\n\t\t\t\n\t\t\t\n<h1>Llenado perimetral<\/h1>\n<h3>El espacio que nos queda ente la excavaci\u00f3n y el casco de poliester ser\u00e1 llenado con gravas, de esta manera evitaremos los movimientos que tendr\u00edamos si lo hici\u00e9ramos con tierra (por los asentamientos), evitando roturas de tuber\u00edas.<\/h3>\n\t\t<\/div>\n\t\t\t\t\n<style>\n#col-949050036 > .col-inner {\n  padding: 10px 10px 0px 10px;\n}\n<\/style>\n\t<\/div>\n\n\t\n\n\t<div id=\"col-407570909\" class=\"col medium-6 small-12 large-6\"  >\n\t\t\t\t<div class=\"col-inner\"  >\n\t\t\t\n\t\t\t\n\t<div class=\"img has-hover x md-x lg-x y md-y lg-y\" id=\"image_1280046704\">\n\t\t\t\t\t\t\t\t<div class=\"img-inner image-cover dark\" style=\"padding-top:56.25%;\">\n\t\t\t<img loading=\"lazy\" decoding=\"async\" width=\"350\" height=\"232\" src=\"https:\/\/www.piscinascreipol.com\/wp-content\/uploads\/2014\/12\/Rellenado.jpg\" class=\"attachment-large size-large\" alt=\"\" srcset=\"https:\/\/www.piscinascreipol.com\/wp-content\/uploads\/2014\/12\/Rellenado.jpg 350w, https:\/\/www.piscinascreipol.com\/wp-content\/uploads\/2014\/12\/Rellenado-300x198.jpg 300w\" sizes=\"auto, (max-width: 350px) 100vw, 350px\" \/>\t\t\t\t\t\t\n\t\t\t\t\t<\/div>\n\t\t\t\t\t\t\t\t\n<style>\n#image_1280046704 {\n  width: 100%;\n}\n<\/style>\n\t<\/div>\n\t\n\t\t<\/div>\n\t\t\t\t\n<style>\n#col-407570909 > .col-inner {\n  padding: 10px 10px 0px 10px;\n}\n<\/style>\n\t<\/div>\n\n\t\n<\/div>\n<div class=\"row row-collapse row-full-width\"  id=\"row-1673092751\">\n\n\t<div id=\"col-1651152267\" class=\"col medium-6 small-12 large-6\"  >\n\t\t\t\t<div class=\"col-inner\"  >\n\t\t\t\n\t\t\t\n\t<div class=\"img has-hover x md-x lg-x y md-y lg-y\" id=\"image_1085683091\">\n\t\t\t\t\t\t\t\t<div class=\"img-inner image-cover dark\" style=\"padding-top:56.25%;\">\n\t\t\t<img loading=\"lazy\" decoding=\"async\" width=\"350\" height=\"232\" src=\"https:\/\/www.piscinascreipol.com\/wp-content\/uploads\/2014\/12\/Piscina-poliester-zuncho.jpg\" class=\"attachment-large size-large\" alt=\"\" srcset=\"https:\/\/www.piscinascreipol.com\/wp-content\/uploads\/2014\/12\/Piscina-poliester-zuncho.jpg 350w, https:\/\/www.piscinascreipol.com\/wp-content\/uploads\/2014\/12\/Piscina-poliester-zuncho-300x198.jpg 300w\" sizes=\"auto, (max-width: 350px) 100vw, 350px\" \/>\t\t\t\t\t\t\n\t\t\t\t\t<\/div>\n\t\t\t\t\t\t\t\t\n<style>\n#image_1085683091 {\n  width: 100%;\n}\n<\/style>\n\t<\/div>\n\t\n\t\t<\/div>\n\t\t\t\t\n<style>\n#col-1651152267 > .col-inner {\n  padding: 10px 10px 0px 10px;\n}\n<\/style>\n\t<\/div>\n\n\t\n\n\t<div id=\"col-1753145979\" class=\"col medium-6 small-12 large-6\"  >\n\t\t\t\t<div class=\"col-inner\"  >\n\t\t\t\n\t\t\t\n<h1> Instalaciones perimetrales <\/h1>\n<h3>Durante el llenado perimetral, iremos pasando las instalaciones perimetrales necesaria, a las alturas adecuadas, Una vez pasadas todas por el perimetro las llevaremos hasta el punto de filtraci\u00f3n. Que puede estar en una caseta de poliester enterrada o de obra.<\/h3>\n\t\t<\/div>\n\t\t\t\t\n<style>\n#col-1753145979 > .col-inner {\n  padding: 10px 10px 0px 10px;\n}\n<\/style>\n\t<\/div>\n\n\t\n<\/div>\n<div class=\"row row-collapse row-full-width\"  id=\"row-1790814795\">\n\n\t<div id=\"col-564168884\" class=\"col medium-6 small-12 large-6\"  >\n\t\t\t\t<div class=\"col-inner\"  >\n\t\t\t\n\t\t\t\n<h1>Colocaci\u00f3n piedra coronaci\u00f3n<\/h1>\n<h3>Una vez alcanzado el nivel de las gravas, unos 15 cm por debajo de la pesta\u00f1a de la piscina, realizaremos el hormig\u00f3n perimetral. Este ser\u00e1 de la misma anchura que la piedra de coronaci\u00f3n elegida. Forjado el hormig\u00f3n pondremos la piedra de coronaci\u00f3n.<\/h3>\n\t\t<\/div>\n\t\t\t\t\n<style>\n#col-564168884 > .col-inner {\n  padding: 10px 10px 0px 10px;\n}\n<\/style>\n\t<\/div>\n\n\t\n\n\t<div id=\"col-841324402\" class=\"col medium-6 small-12 large-6\"  >\n\t\t\t\t<div class=\"col-inner\"  >\n\t\t\t\n\t\t\t\n\t<div class=\"img has-hover x md-x lg-x y md-y lg-y\" id=\"image_1061481907\">\n\t\t\t\t\t\t\t\t<div class=\"img-inner image-cover dark\" style=\"padding-top:56.25%;\">\n\t\t\t<img loading=\"lazy\" decoding=\"async\" width=\"350\" height=\"232\" src=\"https:\/\/www.piscinascreipol.com\/wp-content\/uploads\/Piscina-Poliester-Coronacio.jpg\" class=\"attachment-large size-large\" alt=\"Piscina-Poliester-Coronacio\" srcset=\"https:\/\/www.piscinascreipol.com\/wp-content\/uploads\/Piscina-Poliester-Coronacio.jpg 350w, https:\/\/www.piscinascreipol.com\/wp-content\/uploads\/Piscina-Poliester-Coronacio-300x198.jpg 300w\" sizes=\"auto, (max-width: 350px) 100vw, 350px\" \/>\t\t\t\t\t\t\n\t\t\t\t\t<\/div>\n\t\t\t\t\t\t\t\t\n<style>\n#image_1061481907 {\n  width: 100%;\n}\n<\/style>\n\t<\/div>\n\t\n\t\t<\/div>\n\t\t\t\t\n<style>\n#col-841324402 > .col-inner {\n  padding: 10px 10px 0px 10px;\n}\n<\/style>\n\t<\/div>\n\n\t\n<\/div>\n","protected":false},"excerpt":{"rendered":"","protected":false},"author":2,"featured_media":0,"parent":0,"menu_order":0,"comment_status":"closed","ping_status":"closed","template":"","meta":{"footnotes":""},"class_list":["post-5016","page","type-page","status-publish","hentry"],"aioseo_notices":[],"_links":{"self":[{"href":"https:\/\/www.piscinascreipol.com\/es\/wp-json\/wp\/v2\/pages\/5016","targetHints":{"allow":["GET"]}}],"collection":[{"href":"https:\/\/www.piscinascreipol.com\/es\/wp-json\/wp\/v2\/pages"}],"about":[{"href":"https:\/\/www.piscinascreipol.com\/es\/wp-json\/wp\/v2\/types\/page"}],"author":[{"embeddable":true,"href":"https:\/\/www.piscinascreipol.com\/es\/wp-json\/wp\/v2\/users\/2"}],"replies":[{"embeddable":true,"href":"https:\/\/www.piscinascreipol.com\/es\/wp-json\/wp\/v2\/comments?post=5016"}],"version-history":[{"count":3,"href":"https:\/\/www.piscinascreipol.com\/es\/wp-json\/wp\/v2\/pages\/5016\/revisions"}],"predecessor-version":[{"id":5024,"href":"https:\/\/www.piscinascreipol.com\/es\/wp-json\/wp\/v2\/pages\/5016\/revisions\/5024"}],"wp:attachment":[{"href":"https:\/\/www.piscinascreipol.com\/es\/wp-json\/wp\/v2\/media?parent=5016"}],"curies":[{"name":"wp","href":"https:\/\/api.w.org\/{rel}","templated":true}]}}