{"id":4995,"date":"2021-01-19T17:18:42","date_gmt":"2021-01-19T17:18:42","guid":{"rendered":"https:\/\/www.piscinascreipol.com\/?page_id=4995"},"modified":"2021-01-19T17:22:03","modified_gmt":"2021-01-19T17:22:03","slug":"cambiate-a-la-cloracion-salina","status":"publish","type":"page","link":"https:\/\/www.piscinascreipol.com\/es\/cambiate-a-la-cloracion-salina\/","title":{"rendered":"C\u00e1mbiate a la cloraci\u00f3n salina"},"content":{"rendered":"\n\t<section class=\"section\" id=\"section_977696235\">\n\t\t<div class=\"section-bg fill\" >\n\t\t\t\t\t\t\t\t\t<div class=\"section-bg-overlay absolute fill\"><\/div>\n\t\t\t\n\n\t\t<\/div>\n\n\t\t\n\n\t\t<div class=\"section-content relative\">\n\t\t\t\n<div class=\"row row-collapse row-full-width align-middle\"  id=\"row-1481304445\">\n\n\t<div id=\"col-1920306516\" class=\"col medium-6 small-12 large-6\"  >\n\t\t\t\t<div class=\"col-inner text-center\"  >\n\t\t\t\n\t\t\t\n<h2 style=\"text-align: left;\"><span class=\"banner_titular\">Cambia tu piscina de cloro por una de agua salada a partir de 1.350 \u20ac!<\/span><\/h2>\n<p>Cuidar\u00e1s tu salud y ahorrar\u00e1s en el mantenimiento.<br \/>\n<a href=\"http:\/\/www.piscinascreipol.com\/beneficis-de-la-piscina-aigua-salada-i-cloracio-salina\/\"><br \/>\nMira aqu\u00ed los beneficios de la cloraci\u00f3n salina<\/a><\/p>\n\t\t<\/div>\n\t\t\t\t\n<style>\n#col-1920306516 > .col-inner {\n  padding: 10% 10% 10% 10%;\n  max-width: 520px;\n}\n<\/style>\n\t<\/div>\n\n\t\n\n\t<div id=\"col-873472498\" class=\"col medium-6 small-12 large-6\"  >\n\t\t\t\t<div class=\"col-inner\"  >\n\t\t\t\n\t\t\t\n\t<div class=\"img has-hover x md-x lg-x y md-y lg-y\" id=\"image_1675328595\">\n\t\t\t\t\t\t\t\t<div class=\"img-inner dark\" >\n\t\t\t<img loading=\"lazy\" decoding=\"async\" width=\"900\" height=\"488\" src=\"https:\/\/www.piscinascreipol.com\/wp-content\/uploads\/Beneficis-Cloracio-Salina-900x488.jpg\" class=\"attachment-large size-large\" alt=\"\" srcset=\"https:\/\/www.piscinascreipol.com\/wp-content\/uploads\/Beneficis-Cloracio-Salina-900x488.jpg 900w, https:\/\/www.piscinascreipol.com\/wp-content\/uploads\/Beneficis-Cloracio-Salina-300x163.jpg 300w, https:\/\/www.piscinascreipol.com\/wp-content\/uploads\/Beneficis-Cloracio-Salina-768x416.jpg 768w, https:\/\/www.piscinascreipol.com\/wp-content\/uploads\/Beneficis-Cloracio-Salina.jpg 1200w\" sizes=\"auto, (max-width: 900px) 100vw, 900px\" \/>\t\t\t\t\t\t\n\t\t\t\t\t<\/div>\n\t\t\t\t\t\t\t\t\n<style>\n#image_1675328595 {\n  width: 100%;\n}\n<\/style>\n\t<\/div>\n\t\n\t\t<\/div>\n\t\t\t\t\t<\/div>\n\n\t\n<\/div>\n\t\t<\/div>\n\n\t\t\n<style>\n#section_977696235 {\n  padding-top: 0px;\n  padding-bottom: 0px;\n}\n#section_977696235 .section-bg-overlay {\n  background-color: rgba(255, 255, 255, 0.85);\n}\n<\/style>\n\t<\/section>\n\t\n\t<div id=\"gap-1109767569\" class=\"gap-element clearfix\" style=\"display:block; height:auto;\">\n\t\t\n<style>\n#gap-1109767569 {\n  padding-top: 30px;\n}\n<\/style>\n\t<\/div>\n\t\n\n\t<section class=\"section has-mask mask-arrow\" id=\"section_481525935\">\n\t\t<div class=\"section-bg fill\" >\n\t\t\t\t\t\t\t\t\t\n\t\t\t\n\n\t\t<\/div>\n\n\t\t\n\n\t\t<div class=\"section-content relative\">\n\t\t\t\n\t<div id=\"gap-924787064\" class=\"gap-element clearfix\" style=\"display:block; height:auto;\">\n\t\t\n<style>\n#gap-924787064 {\n  padding-top: 15px;\n}\n<\/style>\n\t<\/div>\n\t\n<h1 style=\"text-align: center;\"><span style=\"color: #ffffff;\">LLAMA AL 935 730 107<\/span><br \/>\n<span style=\"color: #ffffff;\">o ESCR\u00cdBENOS\u00a0aqu\u00ed <a style=\"color: #ffffff;\" href=\"mailto:info@piscinascreipol.com\">info@piscinascreipol.com<\/a><\/span><\/h1>\n\t\t<\/div>\n\n\t\t\n<style>\n#section_481525935 {\n  padding-top: 30px;\n  padding-bottom: 30px;\n  background-color: #0e71b4;\n}\n<\/style>\n\t<\/section>\n\t\n<div class=\"row row-collapse row-full-width\"  id=\"row-1109644617\">\n\n\t<div id=\"col-851488806\" class=\"col medium-6 large-6\"  >\n\t\t\t\t<div class=\"col-inner\"  >\n\t\t\t\n\t\t\t\n\t<div class=\"img has-hover x md-x lg-x y md-y lg-y\" id=\"image_1098681432\">\n\t\t\t\t\t\t\t\t<div class=\"img-inner dark\" >\n\t\t\t<img loading=\"lazy\" decoding=\"async\" width=\"705\" height=\"600\" src=\"https:\/\/www.piscinascreipol.com\/wp-content\/uploads\/Clorador-salino-para-piscinas-705x600.png\" class=\"attachment-large size-large\" alt=\"\" srcset=\"https:\/\/www.piscinascreipol.com\/wp-content\/uploads\/Clorador-salino-para-piscinas-705x600.png 705w, https:\/\/www.piscinascreipol.com\/wp-content\/uploads\/Clorador-salino-para-piscinas-300x255.png 300w, https:\/\/www.piscinascreipol.com\/wp-content\/uploads\/Clorador-salino-para-piscinas.png 723w\" sizes=\"auto, (max-width: 705px) 100vw, 705px\" \/>\t\t\t\t\t\t\n\t\t\t\t\t<\/div>\n\t\t\t\t\t\t\t\t\n<style>\n#image_1098681432 {\n  width: 100%;\n}\n<\/style>\n\t<\/div>\n\t\n\t\t<\/div>\n\t\t\t\t\t<\/div>\n\n\t\n\n\t<div id=\"col-1735095525\" class=\"col medium-6 large-6\"  >\n\t\t\t\t<div class=\"col-inner\"  >\n\t\t\t\n\t\t\t\n\t<div id=\"gap-1221960728\" class=\"gap-element clearfix\" style=\"display:block; height:auto;\">\n\t\t\n<style>\n#gap-1221960728 {\n  padding-top: 30px;\n}\n<\/style>\n\t<\/div>\n\t\n<h3>Tot s\u00f3n avantatges<\/h3>\n<h3><strong>Las piscinas de agua salada son piscinas desinfectadas con cloraci\u00f3n salina que es una reacci\u00f3n de electr\u00f3lisis en el agua de la piscina con una peque\u00f1a concentraci\u00f3n de sal com\u00fan aportando muchos beneficios para tu salud y bienestar<\/strong><\/h3>\n<p>> La cloraci\u00f3n con sal es m\u00e1s limpia, sin productos agresivos, s\u00f3lo con sal<br \/>\n> No irrita los ojos ni la piel ni da\u00f1a ropa<br \/>\n> Sin malos olores<br \/>\n> Ahorro de agua<br \/>\n> El coste de mantenimiento es m\u00ednimo<br \/>\n> Regulaci\u00f3n autom\u00e1tica del PH<br \/>\n> A partir de 1.350\u20ac<\/p>\n<p>Aqu\u00ed puedes saber m\u00e1s sobre los beneficios de la piscina de agua salada o cloraci\u00f3n salina<br \/>\n\t\t<\/div>\n\t\t\t\t\t<\/div>\n\n\t\n<\/div>\n","protected":false},"excerpt":{"rendered":"","protected":false},"author":2,"featured_media":0,"parent":0,"menu_order":0,"comment_status":"closed","ping_status":"closed","template":"","meta":{"footnotes":""},"class_list":["post-4995","page","type-page","status-publish","hentry"],"aioseo_notices":[],"_links":{"self":[{"href":"https:\/\/www.piscinascreipol.com\/es\/wp-json\/wp\/v2\/pages\/4995","targetHints":{"allow":["GET"]}}],"collection":[{"href":"https:\/\/www.piscinascreipol.com\/es\/wp-json\/wp\/v2\/pages"}],"about":[{"href":"https:\/\/www.piscinascreipol.com\/es\/wp-json\/wp\/v2\/types\/page"}],"author":[{"embeddable":true,"href":"https:\/\/www.piscinascreipol.com\/es\/wp-json\/wp\/v2\/users\/2"}],"replies":[{"embeddable":true,"href":"https:\/\/www.piscinascreipol.com\/es\/wp-json\/wp\/v2\/comments?post=4995"}],"version-history":[{"count":2,"href":"https:\/\/www.piscinascreipol.com\/es\/wp-json\/wp\/v2\/pages\/4995\/revisions"}],"predecessor-version":[{"id":4999,"href":"https:\/\/www.piscinascreipol.com\/es\/wp-json\/wp\/v2\/pages\/4995\/revisions\/4999"}],"wp:attachment":[{"href":"https:\/\/www.piscinascreipol.com\/es\/wp-json\/wp\/v2\/media?parent=4995"}],"curies":[{"name":"wp","href":"https:\/\/api.w.org\/{rel}","templated":true}]}}