{"id":2067,"date":"2015-02-04T15:51:21","date_gmt":"2015-02-04T15:51:21","guid":{"rendered":"http:\/\/www.piscinascreipol.com\/?page_id=2067"},"modified":"2024-09-26T10:04:36","modified_gmt":"2024-09-26T10:04:36","slug":"aviso-legal-privacidad-y-cookies","status":"publish","type":"page","link":"https:\/\/www.piscinascreipol.com\/es\/aviso-legal-privacidad-y-cookies\/","title":{"rendered":"Aviso legal, Privacidad y Cookies"},"content":{"rendered":"<p>Este sitio web y todos sus contenidos son propiedad de:<\/p>\n<p>Piscinas Creipol S.L.U B-66397597 Inscrita en el Registro Mercantil de Barcelona, \u200b\u200bTomo 4425, Folio 47, Hoja 458734 Inscripc\u00f3n 1 info@piscinascreipol.com www.piscinascreipol.com<\/p>\n<p>AVISO LEGAL<\/p>\n<p>Todos los derechos est\u00e1n reservados. S\u00f3lo est\u00e1 autorizado el uso personal no comercial. No est\u00e1 permitida la modificaci\u00f3n del web ni de sus contenidos. La empresa no es responsable de la informaci\u00f3n que se puede obtener a trav\u00e9s de enlaces a sistemas externos. La empresa no garantiza que la web y el servidor est\u00e9n libres de virus y no se hace responsable de los da\u00f1os causados \u200b\u200bpor el acceso a la web o por la imposibilidad de acceder. La empresa titular no puede asumir ninguna responsabilidad derivada del uso incorrecto, inapropiado o il\u00edcito de la informaci\u00f3n aparecida en sus p\u00e1ginas de Internet. Con los l\u00edmites establecidos en la ley, el titular no asume ninguna responsabilidad derivada de la falta de veracidad, integridad, actualizaci\u00f3n y precisi\u00f3n de los datos o informaciones que se contienen en sus p\u00e1ginas de Internet.<\/p>\n<p>PROTECCI\u00d3N DE DATOS PERSONALES Y COOKIES<\/p>\n<p>En virtud de la Ley 15\/1999, de 13 de diciembre, sobre la Protecci\u00f3n de Datos de Car\u00e1cter Personal, le hacemos conocedor de que sus datos personales, que pueden estar en esta web, est\u00e1n incorporados en los ficheros responsabilidad de la empresa. La finalidad de estos ficheros es la de gestionar la relaci\u00f3n e informarle de nuestros servicios. Estos datos no ser\u00e1n transmitidos a terceras personas. En esta web, en algunas ocasiones, con el fin mejorar la navegaci\u00f3n de sus usuarios y analizar el servicio y \/ o productos con m\u00e1s inter\u00e9s, pueda utilizar \u00abCookies\u00bb.<\/p>\n","protected":false},"excerpt":{"rendered":"<p>Este sitio web y todos sus contenidos son propiedad de: Piscinas Creipol S.L.U B-66397597 Inscrita en el Registro Mercantil de Barcelona, \u200b\u200bTomo 4425, Folio 47, Hoja 458734 Inscripc\u00f3n 1 info@piscinascreipol.com www.piscinascreipol.com AVISO LEGAL Todos los derechos est\u00e1n reservados. S\u00f3lo est\u00e1 autorizado el uso personal no comercial. No est\u00e1 permitida la modificaci\u00f3n del web ni de [&#8230;]\n","protected":false},"author":2,"featured_media":0,"parent":0,"menu_order":0,"comment_status":"closed","ping_status":"open","template":"","meta":{"footnotes":""},"class_list":["post-2067","page","type-page","status-publish","hentry"],"aioseo_notices":[],"_links":{"self":[{"href":"https:\/\/www.piscinascreipol.com\/es\/wp-json\/wp\/v2\/pages\/2067","targetHints":{"allow":["GET"]}}],"collection":[{"href":"https:\/\/www.piscinascreipol.com\/es\/wp-json\/wp\/v2\/pages"}],"about":[{"href":"https:\/\/www.piscinascreipol.com\/es\/wp-json\/wp\/v2\/types\/page"}],"author":[{"embeddable":true,"href":"https:\/\/www.piscinascreipol.com\/es\/wp-json\/wp\/v2\/users\/2"}],"replies":[{"embeddable":true,"href":"https:\/\/www.piscinascreipol.com\/es\/wp-json\/wp\/v2\/comments?post=2067"}],"version-history":[{"count":5,"href":"https:\/\/www.piscinascreipol.com\/es\/wp-json\/wp\/v2\/pages\/2067\/revisions"}],"predecessor-version":[{"id":5382,"href":"https:\/\/www.piscinascreipol.com\/es\/wp-json\/wp\/v2\/pages\/2067\/revisions\/5382"}],"wp:attachment":[{"href":"https:\/\/www.piscinascreipol.com\/es\/wp-json\/wp\/v2\/media?parent=2067"}],"curies":[{"name":"wp","href":"https:\/\/api.w.org\/{rel}","templated":true}]}}